{"id":673,"date":"2025-10-22T07:27:56","date_gmt":"2025-10-22T07:27:56","guid":{"rendered":"https:\/\/w-w.ee\/?post_type=product&#038;p=673"},"modified":"2025-10-22T07:27:56","modified_gmt":"2025-10-22T07:27:56","slug":"log-deck-infeed-system-log-turner-tahka","status":"publish","type":"product","link":"https:\/\/w-w.ee\/et\/catalog\/log-deck-infeed-system-log-turner-tahka\/","title":{"rendered":"Log deck, infeed system, log turner T\u00e4hk\u00e4"},"content":{"rendered":"","protected":false},"excerpt":{"rendered":"<p>Log infeed line T\u00e4hk\u00e4, equipped with a lower device for turning logs<\/p>","protected":false},"featured_media":634,"template":"","meta":{"_uag_custom_page_level_css":"","site-sidebar-layout":"default","site-content-layout":"","ast-site-content-layout":"default","site-content-style":"default","site-sidebar-style":"default","ast-global-header-display":"","ast-banner-title-visibility":"","ast-main-header-display":"","ast-hfb-above-header-display":"","ast-hfb-below-header-display":"","ast-hfb-mobile-header-display":"","site-post-title":"","ast-breadcrumbs-content":"","ast-featured-img":"","footer-sml-layout":"","theme-transparent-header-meta":"default","adv-header-id-meta":"","stick-header-meta":"default","header-above-stick-meta":"","header-main-stick-meta":"","header-below-stick-meta":"","astra-migrate-meta-layouts":"set","ast-page-background-enabled":"default","ast-page-background-meta":{"desktop":{"background-color":"var(--ast-global-color-4)","background-image":"","background-repeat":"repeat","background-position":"center center","background-size":"auto","background-attachment":"scroll","background-type":"","background-media":"","overlay-type":"","overlay-color":"","overlay-opacity":"","overlay-gradient":""},"tablet":{"background-color":"","background-image":"","background-repeat":"repeat","background-position":"center center","background-size":"auto","background-attachment":"scroll","background-type":"","background-media":"","overlay-type":"","overlay-color":"","overlay-opacity":"","overlay-gradient":""},"mobile":{"background-color":"","background-image":"","background-repeat":"repeat","background-position":"center center","background-size":"auto","background-attachment":"scroll","background-type":"","background-media":"","overlay-type":"","overlay-color":"","overlay-opacity":"","overlay-gradient":""}},"ast-content-background-meta":{"desktop":{"background-color":"var(--ast-global-color-5)","background-image":"","background-repeat":"repeat","background-position":"center center","background-size":"auto","background-attachment":"scroll","background-type":"","background-media":"","overlay-type":"","overlay-color":"","overlay-opacity":"","overlay-gradient":""},"tablet":{"background-color":"var(--ast-global-color-5)","background-image":"","background-repeat":"repeat","background-position":"center center","background-size":"auto","background-attachment":"scroll","background-type":"","background-media":"","overlay-type":"","overlay-color":"","overlay-opacity":"","overlay-gradient":""},"mobile":{"background-color":"var(--ast-global-color-5)","background-image":"","background-repeat":"repeat","background-position":"center center","background-size":"auto","background-attachment":"scroll","background-type":"","background-media":"","overlay-type":"","overlay-color":"","overlay-opacity":"","overlay-gradient":""}}},"product_brand":[],"product_cat":[17],"product_tag":[],"class_list":{"0":"post-673","1":"product","2":"type-product","3":"status-publish","4":"has-post-thumbnail","6":"product_cat-machinery","7":"desktop-align-center","8":"tablet-align-left","9":"mobile-align-left","10":"ast-product-gallery-layout-horizontal-slider","11":"ast-magnify-disabled","13":"first","14":"instock","15":"shipping-taxable","16":"product-type-simple"},"yoast_head":"<!-- This site is optimized with the Yoast SEO plugin v25.4 - https:\/\/yoast.com\/wordpress\/plugins\/seo\/ -->\n<title>Log deck, infeed system, log turner T\u00e4hk\u00e4 - Wild Wood<\/title>\n<meta name=\"robots\" content=\"index, follow, max-snippet:-1, max-image-preview:large, max-video-preview:-1\" \/>\n<link rel=\"canonical\" href=\"https:\/\/w-w.ee\/et\/catalog\/log-deck-infeed-system-log-turner-tahka\/\" \/>\n<meta property=\"og:locale\" content=\"et_EE\" \/>\n<meta property=\"og:type\" content=\"article\" \/>\n<meta property=\"og:title\" content=\"Log deck, infeed system, log turner T\u00e4hk\u00e4 - Wild Wood\" \/>\n<meta property=\"og:description\" content=\"Log infeed line T\u00e4hk\u00e4, equipped with a lower device for turning logs\" \/>\n<meta property=\"og:url\" content=\"https:\/\/w-w.ee\/et\/catalog\/log-deck-infeed-system-log-turner-tahka\/\" \/>\n<meta property=\"og:site_name\" content=\"Wild Wood\" \/>\n<meta property=\"og:image\" content=\"https:\/\/w-w.ee\/wp-content\/uploads\/2025\/10\/img_3999-scaled.jpeg\" \/>\n\t<meta property=\"og:image:width\" content=\"2560\" \/>\n\t<meta property=\"og:image:height\" content=\"1920\" \/>\n\t<meta property=\"og:image:type\" content=\"image\/jpeg\" \/>\n<meta name=\"twitter:card\" content=\"summary_large_image\" \/>\n<meta name=\"twitter:label1\" content=\"Est. reading time\" \/>\n\t<meta name=\"twitter:data1\" content=\"1 minut\" \/>\n<script type=\"application\/ld+json\" class=\"yoast-schema-graph\">{\"@context\":\"https:\/\/schema.org\",\"@graph\":[{\"@type\":\"WebPage\",\"@id\":\"https:\/\/w-w.ee\/catalog\/log-deck-infeed-system-log-turner-tahka\/\",\"url\":\"https:\/\/w-w.ee\/catalog\/log-deck-infeed-system-log-turner-tahka\/\",\"name\":\"Log deck, infeed system, log turner T\u00e4hk\u00e4 - Wild Wood\",\"isPartOf\":{\"@id\":\"https:\/\/w-w.ee\/#website\"},\"primaryImageOfPage\":{\"@id\":\"https:\/\/w-w.ee\/catalog\/log-deck-infeed-system-log-turner-tahka\/#primaryimage\"},\"image\":{\"@id\":\"https:\/\/w-w.ee\/catalog\/log-deck-infeed-system-log-turner-tahka\/#primaryimage\"},\"thumbnailUrl\":\"https:\/\/w-w.ee\/wp-content\/uploads\/2025\/10\/img_3999-scaled.jpeg\",\"datePublished\":\"2025-10-22T07:27:56+00:00\",\"breadcrumb\":{\"@id\":\"https:\/\/w-w.ee\/catalog\/log-deck-infeed-system-log-turner-tahka\/#breadcrumb\"},\"inLanguage\":\"et\",\"potentialAction\":[{\"@type\":\"ReadAction\",\"target\":[\"https:\/\/w-w.ee\/catalog\/log-deck-infeed-system-log-turner-tahka\/\"]}]},{\"@type\":\"ImageObject\",\"inLanguage\":\"et\",\"@id\":\"https:\/\/w-w.ee\/catalog\/log-deck-infeed-system-log-turner-tahka\/#primaryimage\",\"url\":\"https:\/\/w-w.ee\/wp-content\/uploads\/2025\/10\/img_3999-scaled.jpeg\",\"contentUrl\":\"https:\/\/w-w.ee\/wp-content\/uploads\/2025\/10\/img_3999-scaled.jpeg\",\"width\":2560,\"height\":1920},{\"@type\":\"BreadcrumbList\",\"@id\":\"https:\/\/w-w.ee\/catalog\/log-deck-infeed-system-log-turner-tahka\/#breadcrumb\",\"itemListElement\":[{\"@type\":\"ListItem\",\"position\":1,\"name\":\"Home\",\"item\":\"https:\/\/w-w.ee\/\"},{\"@type\":\"ListItem\",\"position\":2,\"name\":\"Products\",\"item\":\"https:\/\/w-w.ee\/shop\/\"},{\"@type\":\"ListItem\",\"position\":3,\"name\":\"Log deck, infeed system, log turner T\u00e4hk\u00e4\"}]},{\"@type\":\"WebSite\",\"@id\":\"https:\/\/w-w.ee\/#website\",\"url\":\"https:\/\/w-w.ee\/\",\"name\":\"Wild Wood\",\"description\":\"\",\"publisher\":{\"@id\":\"https:\/\/w-w.ee\/#organization\"},\"potentialAction\":[{\"@type\":\"SearchAction\",\"target\":{\"@type\":\"EntryPoint\",\"urlTemplate\":\"https:\/\/w-w.ee\/?s={search_term_string}\"},\"query-input\":{\"@type\":\"PropertyValueSpecification\",\"valueRequired\":true,\"valueName\":\"search_term_string\"}}],\"inLanguage\":\"et\"},{\"@type\":\"Organization\",\"@id\":\"https:\/\/w-w.ee\/#organization\",\"name\":\"Wild Wood\",\"url\":\"https:\/\/w-w.ee\/\",\"logo\":{\"@type\":\"ImageObject\",\"inLanguage\":\"et\",\"@id\":\"https:\/\/w-w.ee\/#\/schema\/logo\/image\/\",\"url\":\"https:\/\/w-w.ee\/wp-content\/uploads\/2024\/11\/cropped-logo-gq-removebg-preview-1.png\",\"contentUrl\":\"https:\/\/w-w.ee\/wp-content\/uploads\/2024\/11\/cropped-logo-gq-removebg-preview-1.png\",\"width\":434,\"height\":320,\"caption\":\"Wild Wood\"},\"image\":{\"@id\":\"https:\/\/w-w.ee\/#\/schema\/logo\/image\/\"}}]}<\/script>\n<!-- \/ Yoast SEO plugin. -->","yoast_head_json":{"title":"Log deck, infeed system, log turner T\u00e4hk\u00e4 - Wild Wood","robots":{"index":"index","follow":"follow","max-snippet":"max-snippet:-1","max-image-preview":"max-image-preview:large","max-video-preview":"max-video-preview:-1"},"canonical":"https:\/\/w-w.ee\/et\/catalog\/log-deck-infeed-system-log-turner-tahka\/","og_locale":"et_EE","og_type":"article","og_title":"Log deck, infeed system, log turner T\u00e4hk\u00e4 - Wild Wood","og_description":"Log infeed line T\u00e4hk\u00e4, equipped with a lower device for turning logs","og_url":"https:\/\/w-w.ee\/et\/catalog\/log-deck-infeed-system-log-turner-tahka\/","og_site_name":"Wild Wood","og_image":[{"width":2560,"height":1920,"url":"https:\/\/w-w.ee\/wp-content\/uploads\/2025\/10\/img_3999-scaled.jpeg","type":"image\/jpeg"}],"twitter_card":"summary_large_image","twitter_misc":{"Est. reading time":"1 minut"},"schema":{"@context":"https:\/\/schema.org","@graph":[{"@type":"WebPage","@id":"https:\/\/w-w.ee\/catalog\/log-deck-infeed-system-log-turner-tahka\/","url":"https:\/\/w-w.ee\/catalog\/log-deck-infeed-system-log-turner-tahka\/","name":"Log deck, infeed system, log turner T\u00e4hk\u00e4 - Wild Wood","isPartOf":{"@id":"https:\/\/w-w.ee\/#website"},"primaryImageOfPage":{"@id":"https:\/\/w-w.ee\/catalog\/log-deck-infeed-system-log-turner-tahka\/#primaryimage"},"image":{"@id":"https:\/\/w-w.ee\/catalog\/log-deck-infeed-system-log-turner-tahka\/#primaryimage"},"thumbnailUrl":"https:\/\/w-w.ee\/wp-content\/uploads\/2025\/10\/img_3999-scaled.jpeg","datePublished":"2025-10-22T07:27:56+00:00","breadcrumb":{"@id":"https:\/\/w-w.ee\/catalog\/log-deck-infeed-system-log-turner-tahka\/#breadcrumb"},"inLanguage":"et","potentialAction":[{"@type":"ReadAction","target":["https:\/\/w-w.ee\/catalog\/log-deck-infeed-system-log-turner-tahka\/"]}]},{"@type":"ImageObject","inLanguage":"et","@id":"https:\/\/w-w.ee\/catalog\/log-deck-infeed-system-log-turner-tahka\/#primaryimage","url":"https:\/\/w-w.ee\/wp-content\/uploads\/2025\/10\/img_3999-scaled.jpeg","contentUrl":"https:\/\/w-w.ee\/wp-content\/uploads\/2025\/10\/img_3999-scaled.jpeg","width":2560,"height":1920},{"@type":"BreadcrumbList","@id":"https:\/\/w-w.ee\/catalog\/log-deck-infeed-system-log-turner-tahka\/#breadcrumb","itemListElement":[{"@type":"ListItem","position":1,"name":"Home","item":"https:\/\/w-w.ee\/"},{"@type":"ListItem","position":2,"name":"Products","item":"https:\/\/w-w.ee\/shop\/"},{"@type":"ListItem","position":3,"name":"Log deck, infeed system, log turner T\u00e4hk\u00e4"}]},{"@type":"WebSite","@id":"https:\/\/w-w.ee\/#website","url":"https:\/\/w-w.ee\/","name":"Wild Wood","description":"","publisher":{"@id":"https:\/\/w-w.ee\/#organization"},"potentialAction":[{"@type":"SearchAction","target":{"@type":"EntryPoint","urlTemplate":"https:\/\/w-w.ee\/?s={search_term_string}"},"query-input":{"@type":"PropertyValueSpecification","valueRequired":true,"valueName":"search_term_string"}}],"inLanguage":"et"},{"@type":"Organization","@id":"https:\/\/w-w.ee\/#organization","name":"Wild Wood","url":"https:\/\/w-w.ee\/","logo":{"@type":"ImageObject","inLanguage":"et","@id":"https:\/\/w-w.ee\/#\/schema\/logo\/image\/","url":"https:\/\/w-w.ee\/wp-content\/uploads\/2024\/11\/cropped-logo-gq-removebg-preview-1.png","contentUrl":"https:\/\/w-w.ee\/wp-content\/uploads\/2024\/11\/cropped-logo-gq-removebg-preview-1.png","width":434,"height":320,"caption":"Wild Wood"},"image":{"@id":"https:\/\/w-w.ee\/#\/schema\/logo\/image\/"}}]}},"uagb_featured_image_src":{"full":["https:\/\/w-w.ee\/wp-content\/uploads\/2025\/10\/img_3999-scaled.jpeg",2560,1920,false],"thumbnail":["https:\/\/w-w.ee\/wp-content\/uploads\/2025\/10\/img_3999-150x150.jpeg",150,150,true],"medium":["https:\/\/w-w.ee\/wp-content\/uploads\/2025\/10\/img_3999-300x225.jpeg",300,225,true],"medium_large":["https:\/\/w-w.ee\/wp-content\/uploads\/2025\/10\/img_3999-768x576.jpeg",768,576,true],"large":["https:\/\/w-w.ee\/wp-content\/uploads\/2025\/10\/img_3999-1024x768.jpeg",1024,768,true],"1536x1536":["https:\/\/w-w.ee\/wp-content\/uploads\/2025\/10\/img_3999-1536x1152.jpeg",1536,1152,true],"2048x2048":["https:\/\/w-w.ee\/wp-content\/uploads\/2025\/10\/img_3999-2048x1536.jpeg",2048,1536,true],"trp-custom-language-flag":["https:\/\/w-w.ee\/wp-content\/uploads\/2025\/10\/img_3999-16x12.jpeg",16,12,true],"woocommerce_thumbnail":["https:\/\/w-w.ee\/wp-content\/uploads\/2025\/10\/img_3999-600x450.jpeg",600,450,true],"woocommerce_single":["https:\/\/w-w.ee\/wp-content\/uploads\/2025\/10\/img_3999-900x675.jpeg",900,675,true],"woocommerce_gallery_thumbnail":["https:\/\/w-w.ee\/wp-content\/uploads\/2025\/10\/img_3999-100x100.jpeg",100,100,true]},"uagb_author_info":{"display_name":"Andrei","author_link":"https:\/\/w-w.ee\/et\/author\/"},"uagb_comment_info":0,"uagb_excerpt":"Log infeed line T\u00e4hk\u00e4, equipped with a lower device for turning logs","_links":{"self":[{"href":"https:\/\/w-w.ee\/et\/wp-json\/wp\/v2\/product\/673","targetHints":{"allow":["GET"]}}],"collection":[{"href":"https:\/\/w-w.ee\/et\/wp-json\/wp\/v2\/product"}],"about":[{"href":"https:\/\/w-w.ee\/et\/wp-json\/wp\/v2\/types\/product"}],"wp:featuredmedia":[{"embeddable":true,"href":"https:\/\/w-w.ee\/et\/wp-json\/wp\/v2\/media\/634"}],"wp:attachment":[{"href":"https:\/\/w-w.ee\/et\/wp-json\/wp\/v2\/media?parent=673"}],"wp:term":[{"taxonomy":"product_brand","embeddable":true,"href":"https:\/\/w-w.ee\/et\/wp-json\/wp\/v2\/product_brand?post=673"},{"taxonomy":"product_cat","embeddable":true,"href":"https:\/\/w-w.ee\/et\/wp-json\/wp\/v2\/product_cat?post=673"},{"taxonomy":"product_tag","embeddable":true,"href":"https:\/\/w-w.ee\/et\/wp-json\/wp\/v2\/product_tag?post=673"}],"curies":[{"name":"wp","href":"https:\/\/api.w.org\/{rel}","templated":true}]}}